{"id":2206,"date":"2018-04-27T14:50:47","date_gmt":"2018-04-27T12:50:47","guid":{"rendered":"http:\/\/www.achat-cloud.fr\/?post_type=product&#038;p=2206"},"modified":"2019-11-22T10:43:23","modified_gmt":"2019-11-22T09:43:23","slug":"trafic-logs-archiving","status":"publish","type":"product","link":"https:\/\/achat-cloud.fr\/en\/product\/trafic-logs-archiving","title":{"rendered":"1 Year Traffic Logs Archiving"},"content":{"rendered":"<div class=\"wpb-content-wrapper\"><p>[vc_row css=&#8221;.vc_custom_1524834720064{border-radius: 3px !important;}&#8221;][vc_column][vc_column_text]<\/p>\n<div class=\"page\" title=\"Page 1\">\n<div class=\"section\">\n<div class=\"layoutArea\">\n<div class=\"column\">\n<p style=\"text-align: center;\"><strong>Obligations pour les fournisseurs de hotspot Wifi<\/strong><\/p>\n<p>La loi pour la confiance dans l\u2019e\u0301conomie nume\u0301rique du 21 juin 2004 (dite LCEN) et l\u2019article L.34-1 du code des postes et des communications e\u0301lectroniques (CPCE), modifie\u0301 par la loi du 23 janvier 2006 relative a\u0300 la lutte contre le terrorisme impose aux FAI et a\u0300 l\u2019ensemble des personnes qui, au titre d\u2019une activite\u0301 professionnelle principale ou accessoire, o rent au public une connexion permettant une communication en ligne par l\u2019interme\u0301diaire d\u2019un acce\u0300s au re\u0301seau, y compris a\u0300 titre gratuit \u2013 de conserver les donne\u0301es \u00ab de nature a\u0300 permettre l\u2019identification de quiconque a contribue\u0301 a\u0300 la cre\u0301ation du contenu ou de l\u2019un des contenus des services dont elle est prestataire \u00bb (article 6 II).<\/p>\n<\/div>\n<div class=\"column\">\n<p>Ainsi ho\u0302tels, restaurants, magasins, mairies, marinas, ae\u0301roport, gi\u0302tes, bars, cafe\u0301s, e\u0301tablissements scolaires lorsque le Wifi est accessible par les e\u0301le\u0300ves et entreprises lorsqu\u2019un acce\u0300s est donne\u0301 aux visiteurs &#8230; endossent ces responsabilite\u0301s.<\/p>\n<p style=\"text-align: center;\"><strong>Sanctions<\/strong><\/p>\n<p>Tout manquement a\u0300 l\u2019obligation de conservation des donne\u0301es expose la personne a\u0300 laquelle incombe cette obligation aux sanctions vise\u0301es a\u0300 l\u2019article L. 39-3 du CPCE, soit un an d\u2019emprisonnement et 75.000 euros d\u2019amende pour les personnes physiques, et 375.000 euros pour les personnes morales (en application de l\u2019article 131-38 du code pe\u0301nal).<\/p>\n<\/div>\n<\/div>\n<\/div>\n<\/div>\n<p>[\/vc_column_text][\/vc_column][\/vc_row][vc_row][vc_column][vc_empty_space height=&#8221;40&#8243;][\/vc_column][\/vc_row][vc_row][vc_column width=&#8221;1\/4&#8243;][vc_icon icon_fontawesome=&#8221;fa fa-cloud-upload&#8221; color=&#8221;custom&#8221; size=&#8221;lg&#8221; align=&#8221;center&#8221; custom_color=&#8221;#97baef&#8221;][vc_column_text]<\/p>\n<h5 style=\"text-align: center;\"><strong>Solution int\u00e9gr\u00e9e aux points d&#8217;acc\u00e8s Open Mesh<\/strong><\/h5>\n<ul>\n<li>Facilit\u00e9 de d\u00e9ploiement in\u00e9galable<\/li>\n<li>Sauvegarde des donn\u00e9es en temps-r\u00e9el<\/li>\n<li>Nombre d&#8217;utilisateurs simultan\u00e9s illimit\u00e9<\/li>\n<li>Supervision continue<\/li>\n<\/ul>\n<p>[\/vc_column_text][\/vc_column][vc_column width=&#8221;1\/4&#8243;][vc_icon icon_fontawesome=&#8221;fa fa-pie-chart&#8221; color=&#8221;custom&#8221; size=&#8221;lg&#8221; align=&#8221;center&#8221; custom_color=&#8221;#97baef&#8221;][vc_column_text]<\/p>\n<h5 style=\"text-align: center;\"><strong>Back-office de supervision des logs et d&#8217;envoi des mails<\/strong><\/h5>\n<ul>\n<li>Notifications par mail<\/li>\n<li>Statistiques individuelles ou multi-site<\/li>\n<li>Espace Web de supervision d\u00e9di\u00e9e<\/li>\n<\/ul>\n<p>[\/vc_column_text][\/vc_column][vc_column width=&#8221;1\/4&#8243;][vc_icon icon_fontawesome=&#8221;fa fa-thumbs-up&#8221; color=&#8221;custom&#8221; size=&#8221;lg&#8221; align=&#8221;center&#8221; custom_color=&#8221;#97baef&#8221;][vc_column_text]<\/p>\n<h5 style=\"text-align: center;\"><strong>S\u00e9curit\u00e9 et conformit\u00e9 \u00e0 la l\u00e9gislation<\/strong><\/h5>\n<ul>\n<li>Donn\u00e9es conserv\u00e9es<\/li>\n<li>Dur\u00e9e de retention l\u00e9gale<\/li>\n<li>R\u00e9cup\u00e9ration des donn\u00e9es possible<\/li>\n<li>Donn\u00e9es stock\u00e9es dans des datacenters en Europe<\/li>\n<\/ul>\n<p>[\/vc_column_text][\/vc_column][vc_column width=&#8221;1\/4&#8243;][vc_icon icon_fontawesome=&#8221;fa fa-envelope-open&#8221; color=&#8221;custom&#8221; size=&#8221;lg&#8221; align=&#8221;center&#8221; custom_color=&#8221;#97baef&#8221;][vc_column_text]<\/p>\n<h5 style=\"text-align: center;\"><strong>Rapport mensuel personnalisable\u00a0<\/strong><\/h5>\n<ul>\n<li>Nombreuses statistiques d&#8217;utilisation<\/li>\n<li>Analyse temporelle du trafic<\/li>\n<li>Acc\u00e8s \u00e0 l&#8217;espace de supervision en temps r\u00e9el<\/li>\n<li>Marque Blanche possible<\/li>\n<\/ul>\n<p>[\/vc_column_text][\/vc_column][\/vc_row][vc_row][vc_column][vc_empty_space height=&#8221;40&#8243;][\/vc_column][\/vc_row][vc_row][vc_column][vc_btn title=&#8221;EN SAVOIR PLUS&#8221; align=&#8221;center&#8221; link=&#8221;url:http%3A%2F%2Fwww.achat-cloud.fr%2Fvendors%2Fopen-mesh||target:%20_blank|&#8221;][\/vc_column][\/vc_row]<\/p>\n<\/div>","protected":false},"excerpt":{"rendered":"<p>D\u00e9ployez du Wifi s\u00e9curis\u00e9 en conformit\u00e9 \u00e0 la l\u00e9gislation avec l&#8217;archivage des logs de trafic dans le Cloud. S\u00e9lectionnez le nombre de points d&#8217;acc\u00e8s \u00e0 s\u00e9curiser, et le nombre d&#8217;ann\u00e9es de l&#8217;abonnement.<\/p>\n","protected":false},"featured_media":1331,"template":"","meta":[],"product_cat":[590,600],"product_tag":[1016],"yoast_head":"<!-- This site is optimized with the Yoast SEO plugin v21.6 - https:\/\/yoast.com\/wordpress\/plugins\/seo\/ -->\n<title>1 Year Traffic Logs Archiving - Achat Cloud<\/title>\n<meta name=\"robots\" content=\"index, follow, max-snippet:-1, max-image-preview:large, max-video-preview:-1\" \/>\n<link rel=\"canonical\" href=\"https:\/\/achat-cloud.fr\/en\/product\/trafic-logs-archiving\" \/>\n<meta property=\"og:locale\" content=\"en_US\" \/>\n<meta property=\"og:type\" content=\"article\" \/>\n<meta property=\"og:title\" content=\"1 Year Traffic Logs Archiving - Achat Cloud\" \/>\n<meta property=\"og:description\" content=\"D\u00e9ployez du Wifi s\u00e9curis\u00e9 en conformit\u00e9 \u00e0 la l\u00e9gislation avec l&#039;archivage des logs de trafic dans le Cloud. S\u00e9lectionnez le nombre de points d&#039;acc\u00e8s \u00e0 s\u00e9curiser, et le nombre d&#039;ann\u00e9es de l&#039;abonnement.\" \/>\n<meta property=\"og:url\" content=\"https:\/\/achat-cloud.fr\/en\/product\/trafic-logs-archiving\" \/>\n<meta property=\"og:site_name\" content=\"Achat Cloud\" \/>\n<meta property=\"article:modified_time\" content=\"2019-11-22T09:43:23+00:00\" \/>\n<meta property=\"og:image\" content=\"https:\/\/achat-cloud.fr\/wp-content\/uploads\/2018\/04\/ArchivageLogo.png\" \/>\n\t<meta property=\"og:image:width\" content=\"1024\" \/>\n\t<meta property=\"og:image:height\" content=\"1024\" \/>\n\t<meta property=\"og:image:type\" content=\"image\/png\" \/>\n<meta name=\"twitter:card\" content=\"summary_large_image\" \/>\n<meta name=\"twitter:label1\" content=\"Est. reading time\" \/>\n\t<meta name=\"twitter:data1\" content=\"3 minutes\" \/>\n<script type=\"application\/ld+json\" class=\"yoast-schema-graph\">{\"@context\":\"https:\/\/schema.org\",\"@graph\":[{\"@type\":\"WebPage\",\"@id\":\"https:\/\/achat-cloud.fr\/en\/product\/trafic-logs-archiving\",\"url\":\"https:\/\/achat-cloud.fr\/en\/product\/trafic-logs-archiving\",\"name\":\"1 Year Traffic Logs Archiving - Achat Cloud\",\"isPartOf\":{\"@id\":\"https:\/\/achat-cloud.fr\/en#website\"},\"datePublished\":\"2018-04-27T12:50:47+00:00\",\"dateModified\":\"2019-11-22T09:43:23+00:00\",\"breadcrumb\":{\"@id\":\"https:\/\/achat-cloud.fr\/en\/product\/trafic-logs-archiving#breadcrumb\"},\"inLanguage\":\"en-US\",\"potentialAction\":[{\"@type\":\"ReadAction\",\"target\":[\"https:\/\/achat-cloud.fr\/en\/product\/trafic-logs-archiving\"]}]},{\"@type\":\"BreadcrumbList\",\"@id\":\"https:\/\/achat-cloud.fr\/en\/product\/trafic-logs-archiving#breadcrumb\",\"itemListElement\":[{\"@type\":\"ListItem\",\"position\":1,\"name\":\"Home\",\"item\":\"https:\/\/achat-cloud.fr\/en\"},{\"@type\":\"ListItem\",\"position\":2,\"name\":\"Shop\",\"item\":\"https:\/\/achat-cloud.fr\/en\"},{\"@type\":\"ListItem\",\"position\":3,\"name\":\"1 Year Traffic Logs Archiving\"}]},{\"@type\":\"WebSite\",\"@id\":\"https:\/\/achat-cloud.fr\/en#website\",\"url\":\"https:\/\/achat-cloud.fr\/en\",\"name\":\"Achat Cloud\",\"description\":\"Value-added Distributor of Networking Technology Solutions\",\"publisher\":{\"@id\":\"https:\/\/achat-cloud.fr\/en#organization\"},\"potentialAction\":[{\"@type\":\"SearchAction\",\"target\":{\"@type\":\"EntryPoint\",\"urlTemplate\":\"https:\/\/achat-cloud.fr\/en?s={search_term_string}\"},\"query-input\":\"required name=search_term_string\"}],\"inLanguage\":\"en-US\"},{\"@type\":\"Organization\",\"@id\":\"https:\/\/achat-cloud.fr\/en#organization\",\"name\":\"Achat Cloud\",\"url\":\"https:\/\/achat-cloud.fr\/en\",\"logo\":{\"@type\":\"ImageObject\",\"inLanguage\":\"en-US\",\"@id\":\"https:\/\/achat-cloud.fr\/en#\/schema\/logo\/image\/\",\"url\":\"https:\/\/achat-cloud.fr\/wp-content\/uploads\/logo_achat_cloud_454x97.png\",\"contentUrl\":\"https:\/\/achat-cloud.fr\/wp-content\/uploads\/logo_achat_cloud_454x97.png\",\"width\":454,\"height\":97,\"caption\":\"Achat Cloud\"},\"image\":{\"@id\":\"https:\/\/achat-cloud.fr\/en#\/schema\/logo\/image\/\"}}]}<\/script>\n<!-- \/ Yoast SEO plugin. -->","yoast_head_json":{"title":"1 Year Traffic Logs Archiving - Achat Cloud","robots":{"index":"index","follow":"follow","max-snippet":"max-snippet:-1","max-image-preview":"max-image-preview:large","max-video-preview":"max-video-preview:-1"},"canonical":"https:\/\/achat-cloud.fr\/en\/product\/trafic-logs-archiving","og_locale":"en_US","og_type":"article","og_title":"1 Year Traffic Logs Archiving - Achat Cloud","og_description":"D\u00e9ployez du Wifi s\u00e9curis\u00e9 en conformit\u00e9 \u00e0 la l\u00e9gislation avec l'archivage des logs de trafic dans le Cloud. S\u00e9lectionnez le nombre de points d'acc\u00e8s \u00e0 s\u00e9curiser, et le nombre d'ann\u00e9es de l'abonnement.","og_url":"https:\/\/achat-cloud.fr\/en\/product\/trafic-logs-archiving","og_site_name":"Achat Cloud","article_modified_time":"2019-11-22T09:43:23+00:00","og_image":[{"width":1024,"height":1024,"url":"https:\/\/achat-cloud.fr\/wp-content\/uploads\/2018\/04\/ArchivageLogo.png","type":"image\/png"}],"twitter_card":"summary_large_image","twitter_misc":{"Est. reading time":"3 minutes"},"schema":{"@context":"https:\/\/schema.org","@graph":[{"@type":"WebPage","@id":"https:\/\/achat-cloud.fr\/en\/product\/trafic-logs-archiving","url":"https:\/\/achat-cloud.fr\/en\/product\/trafic-logs-archiving","name":"1 Year Traffic Logs Archiving - Achat Cloud","isPartOf":{"@id":"https:\/\/achat-cloud.fr\/en#website"},"datePublished":"2018-04-27T12:50:47+00:00","dateModified":"2019-11-22T09:43:23+00:00","breadcrumb":{"@id":"https:\/\/achat-cloud.fr\/en\/product\/trafic-logs-archiving#breadcrumb"},"inLanguage":"en-US","potentialAction":[{"@type":"ReadAction","target":["https:\/\/achat-cloud.fr\/en\/product\/trafic-logs-archiving"]}]},{"@type":"BreadcrumbList","@id":"https:\/\/achat-cloud.fr\/en\/product\/trafic-logs-archiving#breadcrumb","itemListElement":[{"@type":"ListItem","position":1,"name":"Home","item":"https:\/\/achat-cloud.fr\/en"},{"@type":"ListItem","position":2,"name":"Shop","item":"https:\/\/achat-cloud.fr\/en"},{"@type":"ListItem","position":3,"name":"1 Year Traffic Logs Archiving"}]},{"@type":"WebSite","@id":"https:\/\/achat-cloud.fr\/en#website","url":"https:\/\/achat-cloud.fr\/en","name":"Achat Cloud","description":"Value-added Distributor of Networking Technology Solutions","publisher":{"@id":"https:\/\/achat-cloud.fr\/en#organization"},"potentialAction":[{"@type":"SearchAction","target":{"@type":"EntryPoint","urlTemplate":"https:\/\/achat-cloud.fr\/en?s={search_term_string}"},"query-input":"required name=search_term_string"}],"inLanguage":"en-US"},{"@type":"Organization","@id":"https:\/\/achat-cloud.fr\/en#organization","name":"Achat Cloud","url":"https:\/\/achat-cloud.fr\/en","logo":{"@type":"ImageObject","inLanguage":"en-US","@id":"https:\/\/achat-cloud.fr\/en#\/schema\/logo\/image\/","url":"https:\/\/achat-cloud.fr\/wp-content\/uploads\/logo_achat_cloud_454x97.png","contentUrl":"https:\/\/achat-cloud.fr\/wp-content\/uploads\/logo_achat_cloud_454x97.png","width":454,"height":97,"caption":"Achat Cloud"},"image":{"@id":"https:\/\/achat-cloud.fr\/en#\/schema\/logo\/image\/"}}]}},"_links":{"self":[{"href":"https:\/\/achat-cloud.fr\/en\/wp-json\/wp\/v2\/product\/2206"}],"collection":[{"href":"https:\/\/achat-cloud.fr\/en\/wp-json\/wp\/v2\/product"}],"about":[{"href":"https:\/\/achat-cloud.fr\/en\/wp-json\/wp\/v2\/types\/product"}],"wp:featuredmedia":[{"embeddable":true,"href":"https:\/\/achat-cloud.fr\/en\/wp-json\/wp\/v2\/media\/1331"}],"wp:attachment":[{"href":"https:\/\/achat-cloud.fr\/en\/wp-json\/wp\/v2\/media?parent=2206"}],"wp:term":[{"taxonomy":"product_cat","embeddable":true,"href":"https:\/\/achat-cloud.fr\/en\/wp-json\/wp\/v2\/product_cat?post=2206"},{"taxonomy":"product_tag","embeddable":true,"href":"https:\/\/achat-cloud.fr\/en\/wp-json\/wp\/v2\/product_tag?post=2206"}],"curies":[{"name":"wp","href":"https:\/\/api.w.org\/{rel}","templated":true}]}}